{"id":2869,"date":"2024-10-10T18:40:05","date_gmt":"2024-10-10T18:40:05","guid":{"rendered":"https:\/\/ede-africa.com\/?post_type=product&#038;p=2869"},"modified":"2024-10-10T18:40:05","modified_gmt":"2024-10-10T18:40:05","slug":"lampadaire-solaire","status":"publish","type":"product","link":"https:\/\/ede-africa.com\/en\/product\/lampadaire-solaire\/","title":{"rendered":"FLOOR LAMP SOLAR"},"content":{"rendered":"<p>Syst\u00e8me de lampadaire solaire tout-en-deux qui combine les \u00e9l\u00e9ments d&#8217;\u00e9nergie verte de la lampe \u00e0 DEL, du contr\u00f4leur intelligent et de la batterie Li-FePO4 en un seul produit, mais avec un panneau solaire s\u00e9par\u00e9. ce produit tout-en-deux, associ\u00e9 \u00e0 un d\u00e9tecteur de mouvement, offre une solution de faible consommation d&#8217;\u00e9nergie, de longue dur\u00e9e et de haute luminosit\u00e9, ainsi qu&#8217;un entretien gratuit pendant au moins 6 \u00e0 8 ans.<\/p>\n<p>The controller and the sensor intelligent respond to different control requirements, and at the same time, this product is convenient to carry and install.<\/p>\n<p><b>PRODUCT FEATURES<br \/>\n<\/b>1. The battery, the solar controller and the sensor are integrated in the lamp, simply connect the solar panel system.<br \/>\n2. Plugs male and female MC4 are directly connected to the solar panel, which allows a quick and easy connection.<br \/>\n3, La coque est faite d&#8217;aluminium DIA-CASTING, bonne apparence, petite taille et poids l\u00e9ger, facile \u00e0 installer.<br \/>\n4, LiFePO4 Battery, &gt;3000 cycles.<br \/>\n5, LED Chip brand super bright, 210lm\/w Optical professional, and transmission rate of 95%.<br \/>\n6, PIR Sensor, intelligent, automatic adjustment of the brightness.<br \/>\n7, MPPT controller, conversion efficiency of 99%<\/p>","protected":false},"excerpt":{"rendered":"<p>Syst\u00e8me de lampadaire solaire tout-en-deux qui combine les \u00e9l\u00e9ments d&#8217;\u00e9nergie verte de la lampe \u00e0 DEL, du contr\u00f4leur intelligent et de la batterie Li-FePO4 en un seul produit, mais avec un panneau solaire s\u00e9par\u00e9. ce produit tout-en-deux, associ\u00e9 \u00e0 un d\u00e9tecteur de mouvement, offre une solution de faible consommation d&#8217;\u00e9nergie, de longue dur\u00e9e et de&#8230;<\/p>","protected":false},"featured_media":2870,"comment_status":"open","ping_status":"closed","template":"","meta":{"_joinchat":[]},"product_cat":[15],"product_tag":[],"class_list":{"0":"post-2869","1":"product","2":"type-product","3":"status-publish","4":"has-post-thumbnail","6":"product_cat-uncategorized","8":"first","9":"instock","10":"shipping-taxable","11":"product-type-simple"},"_links":{"self":[{"href":"https:\/\/ede-africa.com\/en\/wp-json\/wp\/v2\/product\/2869","targetHints":{"allow":["GET"]}}],"collection":[{"href":"https:\/\/ede-africa.com\/en\/wp-json\/wp\/v2\/product"}],"about":[{"href":"https:\/\/ede-africa.com\/en\/wp-json\/wp\/v2\/types\/product"}],"replies":[{"embeddable":true,"href":"https:\/\/ede-africa.com\/en\/wp-json\/wp\/v2\/comments?post=2869"}],"wp:featuredmedia":[{"embeddable":true,"href":"https:\/\/ede-africa.com\/en\/wp-json\/wp\/v2\/media\/2870"}],"wp:attachment":[{"href":"https:\/\/ede-africa.com\/en\/wp-json\/wp\/v2\/media?parent=2869"}],"wp:term":[{"taxonomy":"product_cat","embeddable":true,"href":"https:\/\/ede-africa.com\/en\/wp-json\/wp\/v2\/product_cat?post=2869"},{"taxonomy":"product_tag","embeddable":true,"href":"https:\/\/ede-africa.com\/en\/wp-json\/wp\/v2\/product_tag?post=2869"}],"curies":[{"name":"wp","href":"https:\/\/api.w.org\/{rel}","templated":true}]}}