{"id":2853,"date":"2024-10-10T18:22:20","date_gmt":"2024-10-10T18:22:20","guid":{"rendered":"https:\/\/ede-africa.com\/?post_type=product&#038;p=2853"},"modified":"2024-10-10T18:22:20","modified_gmt":"2024-10-10T18:22:20","slug":"onduleur-de-secours-livoltek","status":"publish","type":"product","link":"https:\/\/ede-africa.com\/en\/product\/onduleur-de-secours-livoltek\/","title":{"rendered":"Ups backup Livoltek"},"content":{"rendered":"<p>Con\u00e7u pour les appartements ou les maisons, l&#8217;onduleur de secours Livoltek utilisant des mat\u00e9riaux solides est plus durable et dure plus longtemps, ce qui vous fera \u00e9conomiser du temps et de l&#8217;argent.<\/p>","protected":false},"excerpt":{"rendered":"<p>Con\u00e7u pour les appartements ou les maisons, l&#8217;onduleur de secours Livoltek utilisant des mat\u00e9riaux solides est plus durable et dure plus longtemps, ce qui vous fera \u00e9conomiser du temps et de l&#8217;argent.<\/p>","protected":false},"featured_media":2854,"comment_status":"open","ping_status":"closed","template":"","meta":{"_joinchat":[]},"product_cat":[15],"product_tag":[],"class_list":{"0":"post-2853","1":"product","2":"type-product","3":"status-publish","4":"has-post-thumbnail","6":"product_cat-uncategorized","8":"first","9":"instock","10":"shipping-taxable","11":"purchasable","12":"product-type-simple"},"_links":{"self":[{"href":"https:\/\/ede-africa.com\/en\/wp-json\/wp\/v2\/product\/2853","targetHints":{"allow":["GET"]}}],"collection":[{"href":"https:\/\/ede-africa.com\/en\/wp-json\/wp\/v2\/product"}],"about":[{"href":"https:\/\/ede-africa.com\/en\/wp-json\/wp\/v2\/types\/product"}],"replies":[{"embeddable":true,"href":"https:\/\/ede-africa.com\/en\/wp-json\/wp\/v2\/comments?post=2853"}],"wp:featuredmedia":[{"embeddable":true,"href":"https:\/\/ede-africa.com\/en\/wp-json\/wp\/v2\/media\/2854"}],"wp:attachment":[{"href":"https:\/\/ede-africa.com\/en\/wp-json\/wp\/v2\/media?parent=2853"}],"wp:term":[{"taxonomy":"product_cat","embeddable":true,"href":"https:\/\/ede-africa.com\/en\/wp-json\/wp\/v2\/product_cat?post=2853"},{"taxonomy":"product_tag","embeddable":true,"href":"https:\/\/ede-africa.com\/en\/wp-json\/wp\/v2\/product_tag?post=2853"}],"curies":[{"name":"wp","href":"https:\/\/api.w.org\/{rel}","templated":true}]}}