{"id":3229,"date":"2024-11-01T21:37:31","date_gmt":"2024-11-01T21:37:31","guid":{"rendered":"https:\/\/ede-africa.com\/?page_id=3229"},"modified":"2024-11-04T10:22:43","modified_gmt":"2024-11-04T10:22:43","slug":"formation","status":"publish","type":"page","link":"https:\/\/ede-africa.com\/en\/formation\/","title":{"rendered":"formation"},"content":{"rendered":"<div data-elementor-type=\"wp-page\" data-elementor-id=\"3229\" class=\"elementor elementor-3229\">\n\t\t\t\t\t\t<div class=\"elementor-inner\">\n\t\t\t\t<div class=\"elementor-section-wrap\">\n\t\t\t\t\t\t\t\t\t<section class=\"elementor-section elementor-top-section elementor-element elementor-element-9af5cde elementor-section-boxed elementor-section-height-default elementor-section-height-default\" data-id=\"9af5cde\" data-element_type=\"section\" data-settings=\"{&quot;background_background&quot;:&quot;classic&quot;}\">\n\t\t\t\t\t\t<div class=\"elementor-container elementor-column-gap-no\">\n\t\t\t\t\t\t\t<div class=\"elementor-row\">\n\t\t\t\t\t<div class=\"elementor-column elementor-col-100 elementor-top-column elementor-element elementor-element-823b790\" data-id=\"823b790\" data-element_type=\"column\" data-settings=\"{&quot;background_background&quot;:&quot;classic&quot;}\">\n\t\t\t<div class=\"elementor-column-wrap elementor-element-populated\">\n\t\t\t\t\t\t\t<div class=\"elementor-widget-wrap\">\n\t\t\t\t\t\t<div class=\"elementor-element elementor-element-1225821 elementor-widget elementor-widget-text-editor\" data-id=\"1225821\" data-element_type=\"widget\" data-widget_type=\"text-editor.default\">\n\t\t\t\t<div class=\"elementor-widget-container\">\n\t\t\t\t\t\t\t\t<div class=\"elementor-text-editor elementor-clearfix\">\n\t\t\t\t<p class=\"p1\">Ce projet vise \u00e0 former <strong>240 jeunes s\u00e9n\u00e9galais<\/strong> en installation et maintenance de pompes solaires, en r\u00e9ponse \u00e0 la demande croissante pour des solutions d\u2019\u00e9nergie renouvelable dans le pays. La formation couvrira les aspects th\u00e9oriques et pratiques, incluant l\u2019installation, la maintenance, et la s\u00e9curit\u00e9, avec un accent sur l&#8217;adaptabilit\u00e9 aux besoins locaux.<\/p>\n<p class=\"p1\">Avec l&#8217;augmentation des besoins \u00e9nerg\u00e9tiques et la promotion des \u00e9nergies renouvelables au S\u00e9n\u00e9gal, il existe une forte demande pour des professionnels qualifi\u00e9s en pompes solaires. Cette formation vise \u00e0 combler ce manque de comp\u00e9tences, tout en offrant aux jeunes des opportunit\u00e9s d&#8217;emploi et de d\u00e9veloppement professionnel.<\/p>\n<p class=\"p1\"><strong>Objectif Principal :<\/strong> Former des techniciens comp\u00e9tents capables d&#8217;installer et de maintenir des pompes solaires de mani\u00e8re autonome.<\/p>\n<p class=\"p1\"><strong><span style=\"text-decoration: underline;\">Objectifs Sp\u00e9cifiques :<\/span><\/strong><\/p>\n<p class=\"p1\"><strong>1. Transmettre des comp\u00e9tences techniques sp\u00e9cifiques aux jeunes techniciens solaires et aux utilisateurs des syst\u00e8mes de pompes solaires.<\/strong><\/p>\n<p class=\"p1\"><strong>2. Former les participants aux pratiques de maintenance pr\u00e9ventive et corrective.<\/strong><\/p>\n<p class=\"p1\"><strong>3. Assurer la compr\u00e9hension des normes de s\u00e9curit\u00e9 et environnementales.<\/strong><\/p>\t\t\t\t\t<\/div>\n\t\t\t\t\t\t<\/div>\n\t\t\t\t<\/div>\n\t\t\t\t<div class=\"elementor-element elementor-element-d7c9faa elementor-widget elementor-widget-button\" data-id=\"d7c9faa\" data-element_type=\"widget\" data-widget_type=\"button.default\">\n\t\t\t\t<div class=\"elementor-widget-container\">\n\t\t\t\t\t<div class=\"elementor-button-wrapper\">\n\t\t\t<a href=\"https:\/\/ede-africa.com\/en\/#services\" class=\"elementor-button-link elementor-button elementor-size-sm elementor-animation-shrink\" role=\"button\">\n\t\t\t\t\t\t<span class=\"elementor-button-content-wrapper\">\n\t\t\t\t\t\t<span class=\"elementor-button-text\">Retour<\/span>\n\t\t<\/span>\n\t\t\t\t\t<\/a>\n\t\t<\/div>\n\t\t\t\t<\/div>\n\t\t\t\t<\/div>\n\t\t\t\t\t\t<\/div>\n\t\t\t\t\t<\/div>\n\t\t<\/div>\n\t\t\t\t\t\t\t\t<\/div>\n\t\t\t\t\t<\/div>\n\t\t<\/section>\n\t\t\t\t\t\t\t\t\t<\/div>\n\t\t\t<\/div>\n\t\t\t\t\t<\/div>","protected":false},"excerpt":{"rendered":"<p>Ce projet vise \u00e0 former 240 jeunes s\u00e9n\u00e9galais en installation et maintenance de pompes solaires, en r\u00e9ponse \u00e0 la demande croissante pour des solutions d\u2019\u00e9nergie renouvelable dans le pays. La formation couvrira les aspects th\u00e9oriques et pratiques, incluant l\u2019installation, la maintenance, et la s\u00e9curit\u00e9, avec un accent sur l&#8217;adaptabilit\u00e9 aux besoins locaux. Avec l&#8217;augmentation des&#8230;<\/p>","protected":false},"author":1,"featured_media":0,"parent":0,"menu_order":0,"comment_status":"closed","ping_status":"closed","template":"","meta":{"_joinchat":[],"footnotes":""},"class_list":["post-3229","page","type-page","status-publish","hentry"],"_links":{"self":[{"href":"https:\/\/ede-africa.com\/en\/wp-json\/wp\/v2\/pages\/3229","targetHints":{"allow":["GET"]}}],"collection":[{"href":"https:\/\/ede-africa.com\/en\/wp-json\/wp\/v2\/pages"}],"about":[{"href":"https:\/\/ede-africa.com\/en\/wp-json\/wp\/v2\/types\/page"}],"author":[{"embeddable":true,"href":"https:\/\/ede-africa.com\/en\/wp-json\/wp\/v2\/users\/1"}],"replies":[{"embeddable":true,"href":"https:\/\/ede-africa.com\/en\/wp-json\/wp\/v2\/comments?post=3229"}],"version-history":[{"count":28,"href":"https:\/\/ede-africa.com\/en\/wp-json\/wp\/v2\/pages\/3229\/revisions"}],"predecessor-version":[{"id":3634,"href":"https:\/\/ede-africa.com\/en\/wp-json\/wp\/v2\/pages\/3229\/revisions\/3634"}],"wp:attachment":[{"href":"https:\/\/ede-africa.com\/en\/wp-json\/wp\/v2\/media?parent=3229"}],"curies":[{"name":"wp","href":"https:\/\/api.w.org\/{rel}","templated":true}]}}